{"id":19384,"date":"2026-03-13T10:30:33","date_gmt":"2026-03-13T10:30:33","guid":{"rendered":"https:\/\/www.tabpharma.com.tr\/?page_id=19384"},"modified":"2026-03-13T10:31:13","modified_gmt":"2026-03-13T10:31:13","slug":"kvkk-aydinlatma-metni","status":"publish","type":"page","link":"https:\/\/www.tabpharma.com.tr\/ru\/kvkk-aydinlatma-metni\/","title":{"rendered":"\u0418\u043d\u0444\u043e\u0440\u043c\u0430\u0446\u0438\u043e\u043d\u043d\u044b\u0439 \u0442\u0435\u043a\u0441\u0442 \u043e \u0417\u0430\u043a\u043e\u043d\u0435 \u043e \u0437\u0430\u0449\u0438\u0442\u0435 \u043f\u0435\u0440\u0441\u043e\u043d\u0430\u043b\u044c\u043d\u044b\u0445 \u0434\u0430\u043d\u043d\u044b\u0445 (\u041a\u0412\u041a\u041a)"},"content":{"rendered":"<div data-elementor-type=\"wp-page\" data-elementor-id=\"19384\" class=\"elementor elementor-19384\" data-elementor-post-type=\"page\">\n\t\t\t\t<div class=\"elementor-element elementor-element-ce58485 e-flex e-con-boxed e-con e-parent\" data-id=\"ce58485\" data-element_type=\"container\" data-e-type=\"container\">\n\t\t\t\t\t<div class=\"e-con-inner\">\n\t\t\t\t<div class=\"elementor-element elementor-element-4e39789 elementor-widget elementor-widget-text-editor\" data-id=\"4e39789\" data-element_type=\"widget\" data-e-type=\"widget\" data-widget_type=\"text-editor.default\">\n\t\t\t\t\t\t\t\t\t<p data-start=\"197\" data-end=\"446\"><span class=\"BZ_Pyq_fadeIn\">6698 <\/span><span class=\"BZ_Pyq_fadeIn\">say\u0131l\u0131 <\/span><span class=\"BZ_Pyq_fadeIn\">Ki\u015fisel <\/span><span class=\"BZ_Pyq_fadeIn\">Verilerin <\/span><span class=\"BZ_Pyq_fadeIn\">Korunmas\u0131 <\/span><span class=\"BZ_Pyq_fadeIn\">Kanunu (\u201c<\/span><span class=\"BZ_Pyq_fadeIn\">KVKK\u201d) <\/span><span class=\"BZ_Pyq_fadeIn\">kapsam\u0131nda, <\/span><span class=\"BZ_Pyq_fadeIn\">veri <\/span><span class=\"BZ_Pyq_fadeIn\">sorumlusu <\/span><span class=\"BZ_Pyq_fadeIn\">s\u0131fat\u0131yla <\/span><strong data-start=\"290\" data-end=\"303\"><span class=\"BZ_Pyq_fadeIn\">\u0422\u0430\u0431\u0444\u0430\u0440\u043c\u0430<\/span><\/strong><span class=\"BZ_Pyq_fadeIn\">, <\/span><span class=\"BZ_Pyq_fadeIn\">web <\/span><span class=\"BZ_Pyq_fadeIn\">sitesi <\/span><span class=\"BZ_Pyq_fadeIn\">ziyaret\u00e7ilerinin <\/span><span class=\"BZ_Pyq_fadeIn\">\u0418 <\/span><span class=\"BZ_Pyq_fadeIn\">ileti\u015fim <\/span><span class=\"BZ_Pyq_fadeIn\">formu <\/span><span class=\"BZ_Pyq_fadeIn\">arac\u0131l\u0131\u011f\u0131yla <\/span><span class=\"BZ_Pyq_fadeIn\">taraf\u0131m\u0131za <\/span><span class=\"BZ_Pyq_fadeIn\">ula\u015fan <\/span><span class=\"BZ_Pyq_fadeIn\">kullan\u0131c\u0131lar\u0131n <\/span><span class=\"BZ_Pyq_fadeIn\">ki\u015fisel <\/span><span class=\"BZ_Pyq_fadeIn\">verilerinin <\/span><span class=\"BZ_Pyq_fadeIn\">korunmas\u0131na <\/span><span class=\"BZ_Pyq_fadeIn\">\u00f6nem <\/span><span class=\"BZ_Pyq_fadeIn\">vermektedir.<\/span><\/p><p data-start=\"448\" data-end=\"731\"><span class=\"BZ_Pyq_fadeIn\">Web <\/span><span class=\"BZ_Pyq_fadeIn\">sitemiz <\/span><span class=\"BZ_Pyq_fadeIn\">\u00fczerinden <\/span><span class=\"BZ_Pyq_fadeIn\">taraf\u0131m\u0131za <\/span><span class=\"BZ_Pyq_fadeIn\">iletilen <\/span><strong data-start=\"490\" data-end=\"554\"><span class=\"BZ_Pyq_fadeIn\">ad, <\/span><span class=\"BZ_Pyq_fadeIn\">soyad, <\/span><span class=\"BZ_Pyq_fadeIn\">e-<\/span><span class=\"BZ_Pyq_fadeIn\">posta <\/span><span class=\"BZ_Pyq_fadeIn\">adresi, <\/span><span class=\"BZ_Pyq_fadeIn\">telefon <\/span><span class=\"BZ_Pyq_fadeIn\">numaras\u0131 <\/span><span class=\"BZ_Pyq_fadeIn\">\u0418 <\/span><span class=\"BZ_Pyq_fadeIn\">mesaj <\/span><span class=\"BZ_Pyq_fadeIn\">i\u00e7eri\u011fi<\/span><\/strong> <span class=\"BZ_Pyq_fadeIn\">gibi <\/span><span class=\"BZ_Pyq_fadeIn\">ki\u015fisel <\/span><span class=\"BZ_Pyq_fadeIn\">veriler; <\/span><span class=\"BZ_Pyq_fadeIn\">kullan\u0131c\u0131 <\/span><span class=\"BZ_Pyq_fadeIn\">taleplerine <\/span><span class=\"BZ_Pyq_fadeIn\">yan\u0131t <\/span><span class=\"BZ_Pyq_fadeIn\">verilmesi, <\/span><span class=\"BZ_Pyq_fadeIn\">\u043f\u0440\u043e\u0434\u0443\u043a\u0442 <\/span><span class=\"BZ_Pyq_fadeIn\">\u0418 <\/span><span class=\"BZ_Pyq_fadeIn\">hizmetlerimiz <\/span><span class=\"BZ_Pyq_fadeIn\">hakk\u0131nda <\/span><span class=\"BZ_Pyq_fadeIn\">bilgilendirme <\/span><span class=\"BZ_Pyq_fadeIn\">yap\u0131lmas\u0131 <\/span><span class=\"BZ_Pyq_fadeIn\">\u0418 <\/span><span class=\"BZ_Pyq_fadeIn\">ileti\u015fim <\/span><span class=\"BZ_Pyq_fadeIn\">s\u00fcre\u00e7lerinin <\/span><span class=\"BZ_Pyq_fadeIn\">y\u00fcr\u00fct\u00fclmesi <\/span><span class=\"BZ_Pyq_fadeIn\">amac\u0131yla <\/span><span class=\"BZ_Pyq_fadeIn\">i\u015flenmektedir.<\/span><\/p><p data-start=\"733\" data-end=\"1017\"><span class=\"BZ_Pyq_fadeIn\">Toplanan <\/span><span class=\"BZ_Pyq_fadeIn\">ki\u015fisel <\/span><span class=\"BZ_Pyq_fadeIn\">veriler, <\/span><span class=\"BZ_Pyq_fadeIn\">KVKK\u2019n\u0131n <\/span><span class=\"BZ_Pyq_fadeIn\">5. <\/span><span class=\"BZ_Pyq_fadeIn\">\u0418 <\/span><span class=\"BZ_Pyq_fadeIn\">6. <\/span><span class=\"BZ_Pyq_fadeIn\">maddelerinde <\/span><span class=\"BZ_Pyq_fadeIn\">belirtilen <\/span><span class=\"BZ_Pyq_fadeIn\">hukuki <\/span><span class=\"BZ_Pyq_fadeIn\">sebeplere <\/span><span class=\"BZ_Pyq_fadeIn\">uygun <\/span><span class=\"BZ_Pyq_fadeIn\">\u0430\u0441\u043f\u0435\u043a\u0442 <\/span><span class=\"BZ_Pyq_fadeIn\">i\u015flenmekte <\/span><span class=\"BZ_Pyq_fadeIn\">olup <\/span><span class=\"BZ_Pyq_fadeIn\">yaln\u0131zca <\/span><span class=\"BZ_Pyq_fadeIn\">belirtilen <\/span><span class=\"BZ_Pyq_fadeIn\">ama\u00e7lar <\/span><span class=\"BZ_Pyq_fadeIn\">do\u011frultusunda <\/span><span class=\"BZ_Pyq_fadeIn\">kullan\u0131lmaktad\u0131r. <\/span><span class=\"BZ_Pyq_fadeIn\">Ki\u015fisel <\/span><span class=\"BZ_Pyq_fadeIn\">verileriniz, <\/span><span class=\"BZ_Pyq_fadeIn\">yasal <\/span><span class=\"BZ_Pyq_fadeIn\">y\u00fck\u00fcml\u00fcl\u00fckler <\/span><span class=\"BZ_Pyq_fadeIn\">\u0418 <\/span><span class=\"BZ_Pyq_fadeIn\">resmi <\/span><span class=\"BZ_Pyq_fadeIn\">kurum <\/span><span class=\"BZ_Pyq_fadeIn\">talepleri <\/span><span class=\"BZ_Pyq_fadeIn\">d\u0131\u015f\u0131nda <\/span><span class=\"BZ_Pyq_fadeIn\">\u00fc\u00e7\u00fcnc\u00fc <\/span><span class=\"BZ_Pyq_fadeIn\">ki\u015filerle <\/span><span class=\"BZ_Pyq_fadeIn\">payla\u015f\u0131lmamaktad\u0131r.<\/span><\/p><p data-start=\"1019\" data-end=\"1202\"><span class=\"BZ_Pyq_fadeIn\">Ki\u015fisel <\/span><span class=\"BZ_Pyq_fadeIn\">verileriniz, <\/span><span class=\"BZ_Pyq_fadeIn\">ilgili <\/span><span class=\"BZ_Pyq_fadeIn\">mevzuat <\/span><span class=\"BZ_Pyq_fadeIn\">kapsam\u0131nda <\/span><span class=\"BZ_Pyq_fadeIn\">gerekli <\/span><span class=\"BZ_Pyq_fadeIn\">olan <\/span><span class=\"BZ_Pyq_fadeIn\">s\u00fcre <\/span><span class=\"BZ_Pyq_fadeIn\">boyunca <\/span><span class=\"BZ_Pyq_fadeIn\">\u0437\u0430\u0441\u043b\u0443\u0436\u0438\u0432\u0430\u044e\u0449\u0438\u0439 \u0434\u043e\u0432\u0435\u0440\u0438\u044f <\/span><span class=\"BZ_Pyq_fadeIn\">\u041e\u0434\u0438\u043d <\/span><span class=\"BZ_Pyq_fadeIn\">\u015fekilde <\/span><span class=\"BZ_Pyq_fadeIn\">saklanmakta <\/span><span class=\"BZ_Pyq_fadeIn\">\u0418 <\/span><span class=\"BZ_Pyq_fadeIn\">bu <\/span><span class=\"BZ_Pyq_fadeIn\">s\u00fcre <\/span><span class=\"BZ_Pyq_fadeIn\">sonunda <\/span><span class=\"BZ_Pyq_fadeIn\">silinmekte, <\/span><span class=\"BZ_Pyq_fadeIn\">yok <\/span><span class=\"BZ_Pyq_fadeIn\">edilmekte <\/span><span class=\"BZ_Pyq_fadeIn\">veya <\/span><span class=\"BZ_Pyq_fadeIn\">anonim <\/span><span class=\"BZ_Pyq_fadeIn\">hale <\/span><span class=\"BZ_Pyq_fadeIn\">getirilmektedir.<\/span><\/p><p data-start=\"1204\" data-end=\"1251\"><span class=\"BZ_Pyq_fadeIn\">KVKK\u2019n\u0131n <\/span><span class=\"BZ_Pyq_fadeIn\">11. <\/span><span class=\"BZ_Pyq_fadeIn\">maddesi <\/span><span class=\"BZ_Pyq_fadeIn\">kapsam\u0131nda <\/span><span class=\"BZ_Pyq_fadeIn\">veri <\/span><span class=\"BZ_Pyq_fadeIn\">sahipleri;<\/span><\/p><ul data-start=\"1253\" data-end=\"1639\"><li data-section-id=\"190ywao\" data-start=\"1253\" data-end=\"1306\"><p data-start=\"1255\" data-end=\"1306\"><span class=\"BZ_Pyq_fadeIn\">Ki\u015fisel <\/span><span class=\"BZ_Pyq_fadeIn\">verilerinin <\/span><span class=\"BZ_Pyq_fadeIn\">i\u015flenip <\/span><span class=\"BZ_Pyq_fadeIn\">i\u015flenmedi\u011fini <\/span><span class=\"BZ_Pyq_fadeIn\">\u00f6\u011frenme<\/span><\/p><\/li><li data-section-id=\"mdw8ie\" data-start=\"1307\" data-end=\"1351\"><p data-start=\"1309\" data-end=\"1351\"><span class=\"BZ_Pyq_fadeIn\">\u0130\u015flenmi\u015fse <\/span><span class=\"BZ_Pyq_fadeIn\">buna <\/span><span class=\"BZ_Pyq_fadeIn\">ili\u015fkin <\/span><span class=\"BZ_Pyq_fadeIn\">bilgi <\/span><span class=\"BZ_Pyq_fadeIn\">talep <\/span><span class=\"BZ_Pyq_fadeIn\">etme<\/span><\/p><\/li><li data-section-id=\"dtwxcl\" data-start=\"1352\" data-end=\"1422\"><p data-start=\"1354\" data-end=\"1422\"><span class=\"BZ_Pyq_fadeIn\">\u0130\u015flenme <\/span><span class=\"BZ_Pyq_fadeIn\">amac\u0131n\u0131 <\/span><span class=\"BZ_Pyq_fadeIn\">\u0418 <\/span><span class=\"BZ_Pyq_fadeIn\">amaca <\/span><span class=\"BZ_Pyq_fadeIn\">uygun <\/span><span class=\"BZ_Pyq_fadeIn\">kullan\u0131l\u0131p <\/span><span class=\"BZ_Pyq_fadeIn\">kullan\u0131lmad\u0131\u011f\u0131n\u0131 <\/span><span class=\"BZ_Pyq_fadeIn\">\u00f6\u011frenme<\/span><\/p><\/li><li data-section-id=\"t9xvan\" data-start=\"1423\" data-end=\"1490\"><p data-start=\"1425\" data-end=\"1490\"><span class=\"BZ_Pyq_fadeIn\">Yurt <\/span><span class=\"BZ_Pyq_fadeIn\">i\u00e7inde <\/span><span class=\"BZ_Pyq_fadeIn\">veya <\/span><span class=\"BZ_Pyq_fadeIn\">yurt <\/span><span class=\"BZ_Pyq_fadeIn\">d\u0131\u015f\u0131nda <\/span><span class=\"BZ_Pyq_fadeIn\">aktar\u0131ld\u0131\u011f\u0131 <\/span><span class=\"BZ_Pyq_fadeIn\">\u00fc\u00e7\u00fcnc\u00fc <\/span><span class=\"BZ_Pyq_fadeIn\">ki\u015fileri <\/span><span class=\"BZ_Pyq_fadeIn\">bilme<\/span><\/p><\/li><li data-section-id=\"176683e\" data-start=\"1491\" data-end=\"1553\"><p data-start=\"1493\" data-end=\"1553\"><span class=\"BZ_Pyq_fadeIn\">Eksik <\/span><span class=\"BZ_Pyq_fadeIn\">veya <\/span><span class=\"BZ_Pyq_fadeIn\">yanl\u0131\u015f <\/span><span class=\"BZ_Pyq_fadeIn\">i\u015flenmi\u015f <\/span><span class=\"BZ_Pyq_fadeIn\">verilerin <\/span><span class=\"BZ_Pyq_fadeIn\">d\u00fczeltilmesini <\/span><span class=\"BZ_Pyq_fadeIn\">isteme<\/span><\/p><\/li><li data-section-id=\"nkklz\" data-start=\"1554\" data-end=\"1639\"><p data-start=\"1556\" data-end=\"1639\"><span class=\"BZ_Pyq_fadeIn\">Kanunda <\/span><span class=\"BZ_Pyq_fadeIn\">\u00f6ng\u00f6r\u00fclen <\/span><span class=\"BZ_Pyq_fadeIn\">\u015fartlar <\/span><span class=\"BZ_Pyq_fadeIn\">\u00e7er\u00e7evesinde <\/span><span class=\"BZ_Pyq_fadeIn\">silinmesini <\/span><span class=\"BZ_Pyq_fadeIn\">veya <\/span><span class=\"BZ_Pyq_fadeIn\">yok <\/span><span class=\"BZ_Pyq_fadeIn\">edilmesini <\/span><span class=\"BZ_Pyq_fadeIn\">talep <\/span><span class=\"BZ_Pyq_fadeIn\">etme<\/span><\/p><\/li><\/ul><p data-start=\"1641\" data-end=\"1660\"><span class=\"BZ_Pyq_fadeIn\">haklar\u0131na <\/span><span class=\"BZ_Pyq_fadeIn\">sahiptir.<\/span><\/p><p data-start=\"1662\" data-end=\"1769\"><span class=\"BZ_Pyq_fadeIn\">Bu <\/span><span class=\"BZ_Pyq_fadeIn\">haklar\u0131n\u0131za <\/span><span class=\"BZ_Pyq_fadeIn\">ili\u015fkin <\/span><span class=\"BZ_Pyq_fadeIn\">taleplerinizi <\/span><strong data-start=\"1699\" data-end=\"1724\"><a class=\"decorated-link cursor-pointer\" rel=\"noopener\" data-start=\"1701\" data-end=\"1722\"><span class=\"BZ_Pyq_fadeIn\">info@<\/span><span class=\"BZ_Pyq_fadeIn\">tabpharma.<\/span><span class=\"BZ_Pyq_fadeIn\">com.<\/span><span class=\"BZ_Pyq_fadeIn\">tr<\/span><\/a><\/strong> <span class=\"BZ_Pyq_fadeIn\">adresi <\/span><span class=\"BZ_Pyq_fadeIn\">\u00fczerinden <\/span><span class=\"BZ_Pyq_fadeIn\">taraf\u0131m\u0131za <\/span><span class=\"BZ_Pyq_fadeIn\">\u0412\u044b \u043c\u043e\u0436\u0435\u0442\u0435 \u043f\u0435\u0440\u0435\u0441\u043b\u0430\u0442\u044c \u044d\u0442\u043e \u0441\u043e\u043e\u0431\u0449\u0435\u043d\u0438\u0435.<\/span><\/p>\t\t\t\t\t\t\t\t<\/div>\n\t\t\t\t\t<\/div>\n\t\t\t\t<\/div>\n\t\t\t\t<\/div>","protected":false},"excerpt":{"rendered":"<p>6698 say\u0131l\u0131 Ki\u015fisel Verilerin Korunmas\u0131 Kanunu (\u201cKVKK\u201d) kapsam\u0131nda, veri sorumlusu s\u0131fat\u0131yla Tabpharma, web sitesi ziyaret\u00e7ilerinin ve ileti\u015fim formu arac\u0131l\u0131\u011f\u0131yla taraf\u0131m\u0131za ula\u015fan kullan\u0131c\u0131lar\u0131n ki\u015fisel verilerinin korunmas\u0131na \u00f6nem vermektedir. Web sitemiz \u00fczerinden taraf\u0131m\u0131za iletilen ad, soyad, e-posta adresi, telefon numaras\u0131 ve mesaj i\u00e7eri\u011fi gibi ki\u015fisel veriler; kullan\u0131c\u0131 taleplerine yan\u0131t verilmesi, \u00fcr\u00fcn ve hizmetlerimiz hakk\u0131nda bilgilendirme yap\u0131lmas\u0131 ve&hellip;<\/p>","protected":false},"author":1,"featured_media":0,"parent":0,"menu_order":990,"comment_status":"closed","ping_status":"closed","template":"","meta":{"footnotes":""},"tags":[],"class_list":["post-19384","page","type-page","status-publish","hentry"],"_links":{"self":[{"href":"https:\/\/www.tabpharma.com.tr\/ru\/wp-json\/wp\/v2\/pages\/19384","targetHints":{"allow":["GET"]}}],"collection":[{"href":"https:\/\/www.tabpharma.com.tr\/ru\/wp-json\/wp\/v2\/pages"}],"about":[{"href":"https:\/\/www.tabpharma.com.tr\/ru\/wp-json\/wp\/v2\/types\/page"}],"author":[{"embeddable":true,"href":"https:\/\/www.tabpharma.com.tr\/ru\/wp-json\/wp\/v2\/users\/1"}],"replies":[{"embeddable":true,"href":"https:\/\/www.tabpharma.com.tr\/ru\/wp-json\/wp\/v2\/comments?post=19384"}],"version-history":[{"count":3,"href":"https:\/\/www.tabpharma.com.tr\/ru\/wp-json\/wp\/v2\/pages\/19384\/revisions"}],"predecessor-version":[{"id":19387,"href":"https:\/\/www.tabpharma.com.tr\/ru\/wp-json\/wp\/v2\/pages\/19384\/revisions\/19387"}],"wp:attachment":[{"href":"https:\/\/www.tabpharma.com.tr\/ru\/wp-json\/wp\/v2\/media?parent=19384"}],"wp:term":[{"taxonomy":"post_tag","embeddable":true,"href":"https:\/\/www.tabpharma.com.tr\/ru\/wp-json\/wp\/v2\/tags?post=19384"}],"curies":[{"name":"wp","href":"https:\/\/api.w.org\/{rel}","templated":true}]}}