{"id":8787,"date":"2022-09-06T11:49:32","date_gmt":"2022-09-06T11:49:32","guid":{"rendered":"https:\/\/www.tabpharma.com.tr\/cookie-policy\/"},"modified":"2026-03-13T10:30:02","modified_gmt":"2026-03-13T10:30:02","slug":"cookie-policy","status":"publish","type":"page","link":"https:\/\/www.tabpharma.com.tr\/ar\/cookie-policy\/","title":{"rendered":"\u0633\u064a\u0627\u0633\u0629 \u0645\u0644\u0641\u0627\u062a \u062a\u0639\u0631\u064a\u0641 \u0627\u0644\u0627\u0631\u062a\u0628\u0627\u0637"},"content":{"rendered":"<div data-elementor-type=\"wp-page\" data-elementor-id=\"8787\" class=\"elementor elementor-8787\" data-elementor-post-type=\"page\">\n\t\t\t\t<div class=\"elementor-element elementor-element-ce58485 e-flex e-con-boxed e-con e-parent\" data-id=\"ce58485\" data-element_type=\"container\" data-e-type=\"container\">\n\t\t\t\t\t<div class=\"e-con-inner\">\n\t\t\t\t<div class=\"elementor-element elementor-element-4e39789 elementor-widget elementor-widget-text-editor\" data-id=\"4e39789\" data-element_type=\"widget\" data-e-type=\"widget\" data-widget_type=\"text-editor.default\">\n\t\t\t\t\t\t\t\t\t<p data-start=\"1164\" data-end=\"1285\"><span class=\"BZ_Pyq_fadeIn\">\u062a\u0627\u0628\u0641\u0627\u0631\u0645\u0627 <\/span><span class=\"BZ_Pyq_fadeIn\">web <\/span><span class=\"BZ_Pyq_fadeIn\">sitesi, <\/span><span class=\"BZ_Pyq_fadeIn\">kullan\u0131c\u0131 <\/span><span class=\"BZ_Pyq_fadeIn\">deneyimini <\/span><span class=\"BZ_Pyq_fadeIn\">geli\u015ftirmek <\/span><span class=\"BZ_Pyq_fadeIn\">\u0648 <\/span><span class=\"BZ_Pyq_fadeIn\">site <\/span><span class=\"BZ_Pyq_fadeIn\">kullan\u0131m\u0131n\u0131 <\/span><span class=\"BZ_Pyq_fadeIn\">analiz <\/span><span class=\"BZ_Pyq_fadeIn\">etmek <\/span><span class=\"BZ_Pyq_fadeIn\">amac\u0131yla <\/span><span class=\"BZ_Pyq_fadeIn\">\u00e7erezler <\/span><span class=\"BZ_Pyq_fadeIn\">kullanmaktad\u0131r.<\/span><\/p><p data-start=\"1287\" data-end=\"1505\"><span class=\"BZ_Pyq_fadeIn\">\u00c7erezler, <\/span><span class=\"BZ_Pyq_fadeIn\">web <\/span><span class=\"BZ_Pyq_fadeIn\">sitelerini <\/span><span class=\"BZ_Pyq_fadeIn\">ziyaret <\/span><span class=\"BZ_Pyq_fadeIn\">etti\u011finizde <\/span><span class=\"BZ_Pyq_fadeIn\">taray\u0131c\u0131n\u0131z <\/span><span class=\"BZ_Pyq_fadeIn\">arac\u0131l\u0131\u011f\u0131yla <\/span><span class=\"BZ_Pyq_fadeIn\">cihaz\u0131n\u0131za <\/span><span class=\"BZ_Pyq_fadeIn\">kaydedilen <\/span><span class=\"BZ_Pyq_fadeIn\">k\u00fc\u00e7\u00fck <\/span><span class=\"BZ_Pyq_fadeIn\">veri <\/span><span class=\"BZ_Pyq_fadeIn\">dosyalar\u0131d\u0131r. <\/span><span class=\"BZ_Pyq_fadeIn\">Bu <\/span><span class=\"BZ_Pyq_fadeIn\">dosyalar <\/span><span class=\"BZ_Pyq_fadeIn\">\u0634\u0643\u0631\u0627\u064b \u0644\u0640 <\/span><span class=\"BZ_Pyq_fadeIn\">web <\/span><span class=\"BZ_Pyq_fadeIn\">sitesi <\/span><span class=\"BZ_Pyq_fadeIn\">tercihlerinizi <\/span><span class=\"BZ_Pyq_fadeIn\">hat\u0131rlayabilir <\/span><span class=\"BZ_Pyq_fadeIn\">\u0648 <\/span><span class=\"BZ_Pyq_fadeIn\">site <\/span><span class=\"BZ_Pyq_fadeIn\">performans\u0131 <\/span><span class=\"BZ_Pyq_fadeIn\">analiz <\/span><span class=\"BZ_Pyq_fadeIn\">edilebilir.<\/span><\/p><p data-start=\"1507\" data-end=\"1576\"><span class=\"BZ_Pyq_fadeIn\">Web <\/span><span class=\"BZ_Pyq_fadeIn\">sitemizde <\/span><span class=\"BZ_Pyq_fadeIn\">kullan\u0131lan <\/span><span class=\"BZ_Pyq_fadeIn\">\u00e7erezler <\/span><span class=\"BZ_Pyq_fadeIn\">a\u015fa\u011f\u0131daki <\/span><span class=\"BZ_Pyq_fadeIn\">ama\u00e7larla <\/span><span class=\"BZ_Pyq_fadeIn\">kullan\u0131labilir:<\/span><\/p><ul data-start=\"1578\" data-end=\"1704\"><li data-section-id=\"1e2nw91\" data-start=\"1578\" data-end=\"1623\"><p data-start=\"1580\" data-end=\"1623\"><span class=\"BZ_Pyq_fadeIn\">Web <\/span><span class=\"BZ_Pyq_fadeIn\">sitesinin <\/span><span class=\"BZ_Pyq_fadeIn\">d\u00fczg\u00fcn <\/span><span class=\"BZ_Pyq_fadeIn\">\u00e7al\u0131\u015fmas\u0131n\u0131 <\/span><span class=\"BZ_Pyq_fadeIn\">sa\u011flamak<\/span><\/p><\/li><li data-section-id=\"17tz5fz\" data-start=\"1624\" data-end=\"1667\"><p data-start=\"1626\" data-end=\"1667\"><span class=\"BZ_Pyq_fadeIn\">Ziyaret\u00e7i <\/span><span class=\"BZ_Pyq_fadeIn\">istatistiklerini <\/span><span class=\"BZ_Pyq_fadeIn\">analiz <\/span><span class=\"BZ_Pyq_fadeIn\">etmek<\/span><\/p><\/li><li data-section-id=\"1saswlz\" data-start=\"1668\" data-end=\"1704\"><p data-start=\"1670\" data-end=\"1704\"><span class=\"BZ_Pyq_fadeIn\">Kullan\u0131c\u0131 <\/span><span class=\"BZ_Pyq_fadeIn\">deneyimini <\/span><span class=\"BZ_Pyq_fadeIn\">geli\u015ftirmek<\/span><\/p><\/li><\/ul><p data-start=\"1706\" data-end=\"1921\"><span class=\"BZ_Pyq_fadeIn\">Taray\u0131c\u0131 <\/span><span class=\"BZ_Pyq_fadeIn\">ayarlar\u0131n\u0131z\u0131 <\/span><span class=\"BZ_Pyq_fadeIn\">de\u011fi\u015ftirerek <\/span><span class=\"BZ_Pyq_fadeIn\">\u00e7erezleri <\/span><span class=\"BZ_Pyq_fadeIn\">kabul <\/span><span class=\"BZ_Pyq_fadeIn\">etmeyi <\/span><span class=\"BZ_Pyq_fadeIn\">reddedebilir <\/span><span class=\"BZ_Pyq_fadeIn\">veya <\/span><span class=\"BZ_Pyq_fadeIn\">mevcut <\/span><span class=\"BZ_Pyq_fadeIn\">\u00e7erezleri <\/span><span class=\"BZ_Pyq_fadeIn\">silebilirsiniz. <\/span><span class=\"BZ_Pyq_fadeIn\">Ancak <\/span><span class=\"BZ_Pyq_fadeIn\">baz\u0131 <\/span><span class=\"BZ_Pyq_fadeIn\">\u00e7erezlerin <\/span><span class=\"BZ_Pyq_fadeIn\">devre <\/span><span class=\"BZ_Pyq_fadeIn\">d\u0131\u015f\u0131 <\/span><span class=\"BZ_Pyq_fadeIn\">b\u0131rak\u0131lmas\u0131 <\/span><span class=\"BZ_Pyq_fadeIn\">durumunda <\/span><span class=\"BZ_Pyq_fadeIn\">web <\/span><span class=\"BZ_Pyq_fadeIn\">sitesinin <\/span><span class=\"BZ_Pyq_fadeIn\">baz\u0131 <\/span><span class=\"BZ_Pyq_fadeIn\">b\u00f6l\u00fcmleri <\/span><span class=\"BZ_Pyq_fadeIn\">d\u00fczg\u00fcn <\/span><span class=\"BZ_Pyq_fadeIn\">\u00e7al\u0131\u015fmayabilir.<\/span><\/p><p data-start=\"1923\" data-end=\"2003\"><span class=\"BZ_Pyq_fadeIn\">Web <\/span><span class=\"BZ_Pyq_fadeIn\">sitemizi <\/span><span class=\"BZ_Pyq_fadeIn\">kullanmaya <\/span><span class=\"BZ_Pyq_fadeIn\">devam <\/span><span class=\"BZ_Pyq_fadeIn\">ederek <\/span><span class=\"BZ_Pyq_fadeIn\">\u00e7erez <\/span><span class=\"BZ_Pyq_fadeIn\">kullan\u0131m\u0131n\u0131 <\/span><span class=\"BZ_Pyq_fadeIn\">kabul <\/span><span class=\"BZ_Pyq_fadeIn\">etmi\u015f <\/span><span class=\"BZ_Pyq_fadeIn\">say\u0131l\u0131rs\u0131n\u0131z.<\/span><\/p>\t\t\t\t\t\t\t\t<\/div>\n\t\t\t\t\t<\/div>\n\t\t\t\t<\/div>\n\t\t\t\t<\/div>","protected":false},"excerpt":{"rendered":"<p>Tabpharma web sitesi, kullan\u0131c\u0131 deneyimini geli\u015ftirmek ve site kullan\u0131m\u0131n\u0131 analiz etmek amac\u0131yla \u00e7erezler kullanmaktad\u0131r. \u00c7erezler, web sitelerini ziyaret etti\u011finizde taray\u0131c\u0131n\u0131z arac\u0131l\u0131\u011f\u0131yla cihaz\u0131n\u0131za kaydedilen k\u00fc\u00e7\u00fck veri dosyalar\u0131d\u0131r. Bu dosyalar sayesinde web sitesi tercihlerinizi hat\u0131rlayabilir ve site performans\u0131 analiz edilebilir. Web sitemizde kullan\u0131lan \u00e7erezler a\u015fa\u011f\u0131daki ama\u00e7larla kullan\u0131labilir: Web sitesinin d\u00fczg\u00fcn \u00e7al\u0131\u015fmas\u0131n\u0131 sa\u011flamak Ziyaret\u00e7i istatistiklerini analiz etmek Kullan\u0131c\u0131&hellip;<\/p>","protected":false},"author":1,"featured_media":0,"parent":0,"menu_order":990,"comment_status":"closed","ping_status":"closed","template":"","meta":{"footnotes":""},"tags":[],"class_list":["post-8787","page","type-page","status-publish","hentry"],"_links":{"self":[{"href":"https:\/\/www.tabpharma.com.tr\/ar\/wp-json\/wp\/v2\/pages\/8787","targetHints":{"allow":["GET"]}}],"collection":[{"href":"https:\/\/www.tabpharma.com.tr\/ar\/wp-json\/wp\/v2\/pages"}],"about":[{"href":"https:\/\/www.tabpharma.com.tr\/ar\/wp-json\/wp\/v2\/types\/page"}],"author":[{"embeddable":true,"href":"https:\/\/www.tabpharma.com.tr\/ar\/wp-json\/wp\/v2\/users\/1"}],"replies":[{"embeddable":true,"href":"https:\/\/www.tabpharma.com.tr\/ar\/wp-json\/wp\/v2\/comments?post=8787"}],"version-history":[{"count":3,"href":"https:\/\/www.tabpharma.com.tr\/ar\/wp-json\/wp\/v2\/pages\/8787\/revisions"}],"predecessor-version":[{"id":19382,"href":"https:\/\/www.tabpharma.com.tr\/ar\/wp-json\/wp\/v2\/pages\/8787\/revisions\/19382"}],"wp:attachment":[{"href":"https:\/\/www.tabpharma.com.tr\/ar\/wp-json\/wp\/v2\/media?parent=8787"}],"wp:term":[{"taxonomy":"post_tag","embeddable":true,"href":"https:\/\/www.tabpharma.com.tr\/ar\/wp-json\/wp\/v2\/tags?post=8787"}],"curies":[{"name":"wp","href":"https:\/\/api.w.org\/{rel}","templated":true}]}}