{"id":284,"date":"2025-12-18T15:03:40","date_gmt":"2025-12-18T15:03:40","guid":{"rendered":"https:\/\/www.tabpharma.com.tr\/?page_id=284"},"modified":"2026-04-11T06:51:45","modified_gmt":"2026-04-11T06:51:45","slug":"belgelerimiz","status":"publish","type":"page","link":"https:\/\/www.tabpharma.com.tr\/ar\/belgelerimiz\/","title":{"rendered":"\u0648\u062b\u0627\u0626\u0642\u0646\u0627"},"content":{"rendered":"<div data-elementor-type=\"wp-page\" data-elementor-id=\"284\" class=\"elementor elementor-284\" data-elementor-post-type=\"page\">\n\t\t\t\t<div class=\"elementor-element elementor-element-2258804 e-flex e-con-boxed e-con e-parent\" data-id=\"2258804\" data-element_type=\"container\" data-e-type=\"container\">\n\t\t\t\t\t<div class=\"e-con-inner\">\n\t\t\t\t\t<\/div>\n\t\t\t\t<\/div>\n\t\t\t\t<section class=\"elementor-section elementor-top-section elementor-element elementor-element-45eef65 elementor-section-stretched elementor-section-boxed elementor-section-height-default elementor-section-height-default\" data-id=\"45eef65\" data-element_type=\"section\" data-e-type=\"section\" data-settings=\"{&quot;stretch_section&quot;:&quot;section-stretched&quot;}\">\n\t\t\t\t\t\t<div class=\"elementor-container elementor-column-gap-default\">\n\t\t\t\t\t<div class=\"elementor-column elementor-col-100 elementor-top-column elementor-element elementor-element-86d7afa\" data-id=\"86d7afa\" data-element_type=\"column\" data-e-type=\"column\">\n\t\t\t<div class=\"elementor-widget-wrap elementor-element-populated\">\n\t\t\t\t\t\t<div class=\"elementor-element elementor-element-ae464a6 elementor-widget-tablet__width-initial gallery-spacing-custom elementor-widget elementor-widget-image-gallery\" data-id=\"ae464a6\" data-element_type=\"widget\" data-e-type=\"widget\" data-widget_type=\"image-gallery.default\">\n\t\t\t\t\t\t\t<div class=\"elementor-image-gallery\">\n\t\t\t\n\t\t<style>\n\t\t\t#gallery-1 {\n\t\t\t\tmargin: auto;\n\t\t\t}\n\t\t\t#gallery-1 .gallery-item {\n\t\t\t\tfloat: right;\n\t\t\t\tmargin-top: 10px;\n\t\t\t\ttext-align: center;\n\t\t\t\twidth: 20%;\n\t\t\t}\n\t\t\t#gallery-1 img {\n\t\t\t\tborder: 2px solid #cfcfcf;\n\t\t\t}\n\t\t\t#gallery-1 .gallery-caption {\n\t\t\t\tmargin-left: 0;\n\t\t\t}\n\t\t\t\/* see gallery_shortcode() in wp-includes\/media.php *\/\n\t\t<\/style>\n\t\t<div id='gallery-1' class='gallery galleryid-284 gallery-columns-5 gallery-size-full'><dl class='gallery-item'>\n\t\t\t<dt class='gallery-icon portrait'>\n\t\t\t\t<a data-elementor-open-lightbox=\"yes\" data-elementor-lightbox-slideshow=\"ae464a6\" data-elementor-lightbox-title=\"14001-2015\" data-e-action-hash=\"#elementor-action%3Aaction%3Dlightbox%26settings%3DeyJpZCI6MTk4NDMsInVybCI6Imh0dHBzOlwvXC93d3cudGFicGhhcm1hLmNvbS50clwvd3AtY29udGVudFwvdXBsb2Fkc1wvMjAyNlwvMDRcLzE0MDAxLTIwMTUuanBnIiwic2xpZGVzaG93IjoiYWU0NjRhNiJ9\" href='https:\/\/www.tabpharma.com.tr\/wp-content\/uploads\/2026\/04\/14001-2015.jpg'><img fetchpriority=\"high\" decoding=\"async\" width=\"985\" height=\"1394\" src=\"https:\/\/www.tabpharma.com.tr\/wp-content\/uploads\/2026\/04\/14001-2015.jpg\" class=\"attachment-full size-full\" alt=\"\" aria-describedby=\"gallery-1-19843\" srcset=\"https:\/\/www.tabpharma.com.tr\/wp-content\/uploads\/2026\/04\/14001-2015.jpg 985w, https:\/\/www.tabpharma.com.tr\/wp-content\/uploads\/2026\/04\/14001-2015-212x300.jpg 212w, https:\/\/www.tabpharma.com.tr\/wp-content\/uploads\/2026\/04\/14001-2015-724x1024.jpg 724w, https:\/\/www.tabpharma.com.tr\/wp-content\/uploads\/2026\/04\/14001-2015-768x1087.jpg 768w, https:\/\/www.tabpharma.com.tr\/wp-content\/uploads\/2026\/04\/14001-2015-8x12.jpg 8w\" sizes=\"(max-width: 985px) 100vw, 985px\" \/><\/a>\n\t\t\t<\/dt>\n\t\t\t\t<dd class='wp-caption-text gallery-caption' id='gallery-1-19843'>\n\t\t\t\tISO_14001_2015\n\t\t\t\t<\/dd><\/dl><dl class='gallery-item'>\n\t\t\t<dt class='gallery-icon portrait'>\n\t\t\t\t<a data-elementor-open-lightbox=\"yes\" data-elementor-lightbox-slideshow=\"ae464a6\" data-elementor-lightbox-title=\"9001-2015\" data-e-action-hash=\"#elementor-action%3Aaction%3Dlightbox%26settings%3DeyJpZCI6MTk4NDIsInVybCI6Imh0dHBzOlwvXC93d3cudGFicGhhcm1hLmNvbS50clwvd3AtY29udGVudFwvdXBsb2Fkc1wvMjAyNlwvMDRcLzkwMDEtMjAxNS5qcGciLCJzbGlkZXNob3ciOiJhZTQ2NGE2In0%3D\" href='https:\/\/www.tabpharma.com.tr\/wp-content\/uploads\/2026\/04\/9001-2015.jpg'><img decoding=\"async\" width=\"985\" height=\"1394\" src=\"https:\/\/www.tabpharma.com.tr\/wp-content\/uploads\/2026\/04\/9001-2015.jpg\" class=\"attachment-full size-full\" alt=\"\" aria-describedby=\"gallery-1-19842\" srcset=\"https:\/\/www.tabpharma.com.tr\/wp-content\/uploads\/2026\/04\/9001-2015.jpg 985w, https:\/\/www.tabpharma.com.tr\/wp-content\/uploads\/2026\/04\/9001-2015-212x300.jpg 212w, https:\/\/www.tabpharma.com.tr\/wp-content\/uploads\/2026\/04\/9001-2015-724x1024.jpg 724w, https:\/\/www.tabpharma.com.tr\/wp-content\/uploads\/2026\/04\/9001-2015-768x1087.jpg 768w, https:\/\/www.tabpharma.com.tr\/wp-content\/uploads\/2026\/04\/9001-2015-8x12.jpg 8w\" sizes=\"(max-width: 985px) 100vw, 985px\" \/><\/a>\n\t\t\t<\/dt>\n\t\t\t\t<dd class='wp-caption-text gallery-caption' id='gallery-1-19842'>\n\t\t\t\tISO_9001_2015\n\t\t\t\t<\/dd><\/dl><dl class='gallery-item'>\n\t\t\t<dt class='gallery-icon portrait'>\n\t\t\t\t<a data-elementor-open-lightbox=\"yes\" data-elementor-lightbox-slideshow=\"ae464a6\" data-elementor-lightbox-title=\"45001-2018\" data-e-action-hash=\"#elementor-action%3Aaction%3Dlightbox%26settings%3DeyJpZCI6MTk4NDEsInVybCI6Imh0dHBzOlwvXC93d3cudGFicGhhcm1hLmNvbS50clwvd3AtY29udGVudFwvdXBsb2Fkc1wvMjAyNlwvMDRcLzQ1MDAxLTIwMTguanBnIiwic2xpZGVzaG93IjoiYWU0NjRhNiJ9\" href='https:\/\/www.tabpharma.com.tr\/wp-content\/uploads\/2026\/04\/45001-2018.jpg'><img decoding=\"async\" width=\"985\" height=\"1394\" src=\"https:\/\/www.tabpharma.com.tr\/wp-content\/uploads\/2026\/04\/45001-2018.jpg\" class=\"attachment-full size-full\" alt=\"\" aria-describedby=\"gallery-1-19841\" srcset=\"https:\/\/www.tabpharma.com.tr\/wp-content\/uploads\/2026\/04\/45001-2018.jpg 985w, https:\/\/www.tabpharma.com.tr\/wp-content\/uploads\/2026\/04\/45001-2018-212x300.jpg 212w, https:\/\/www.tabpharma.com.tr\/wp-content\/uploads\/2026\/04\/45001-2018-724x1024.jpg 724w, https:\/\/www.tabpharma.com.tr\/wp-content\/uploads\/2026\/04\/45001-2018-768x1087.jpg 768w, https:\/\/www.tabpharma.com.tr\/wp-content\/uploads\/2026\/04\/45001-2018-8x12.jpg 8w\" sizes=\"(max-width: 985px) 100vw, 985px\" \/><\/a>\n\t\t\t<\/dt>\n\t\t\t\t<dd class='wp-caption-text gallery-caption' id='gallery-1-19841'>\n\t\t\t\tISO_45001_2018\n\t\t\t\t<\/dd><\/dl><dl class='gallery-item'>\n\t\t\t<dt class='gallery-icon portrait'>\n\t\t\t\t<a data-elementor-open-lightbox=\"yes\" data-elementor-lightbox-slideshow=\"ae464a6\" data-elementor-lightbox-title=\"22000\" data-e-action-hash=\"#elementor-action%3Aaction%3Dlightbox%26settings%3DeyJpZCI6MTk4MzcsInVybCI6Imh0dHBzOlwvXC93d3cudGFicGhhcm1hLmNvbS50clwvd3AtY29udGVudFwvdXBsb2Fkc1wvMjAyNlwvMDRcLzIyMDAwLmpwZyIsInNsaWRlc2hvdyI6ImFlNDY0YTYifQ%3D%3D\" href='https:\/\/www.tabpharma.com.tr\/wp-content\/uploads\/2026\/04\/22000.jpg'><img loading=\"lazy\" decoding=\"async\" width=\"985\" height=\"1394\" src=\"https:\/\/www.tabpharma.com.tr\/wp-content\/uploads\/2026\/04\/22000.jpg\" class=\"attachment-full size-full\" alt=\"\" aria-describedby=\"gallery-1-19837\" srcset=\"https:\/\/www.tabpharma.com.tr\/wp-content\/uploads\/2026\/04\/22000.jpg 985w, https:\/\/www.tabpharma.com.tr\/wp-content\/uploads\/2026\/04\/22000-212x300.jpg 212w, https:\/\/www.tabpharma.com.tr\/wp-content\/uploads\/2026\/04\/22000-724x1024.jpg 724w, https:\/\/www.tabpharma.com.tr\/wp-content\/uploads\/2026\/04\/22000-768x1087.jpg 768w, https:\/\/www.tabpharma.com.tr\/wp-content\/uploads\/2026\/04\/22000-8x12.jpg 8w\" sizes=\"(max-width: 985px) 100vw, 985px\" \/><\/a>\n\t\t\t<\/dt>\n\t\t\t\t<dd class='wp-caption-text gallery-caption' id='gallery-1-19837'>\n\t\t\t\tISO_22000_2018\n\t\t\t\t<\/dd><\/dl><dl class='gallery-item'>\n\t\t\t<dt class='gallery-icon portrait'>\n\t\t\t\t<a data-elementor-open-lightbox=\"yes\" data-elementor-lightbox-slideshow=\"ae464a6\" data-elementor-lightbox-title=\"Marka-tescil-Belgesi\" data-e-action-hash=\"#elementor-action%3Aaction%3Dlightbox%26settings%3DeyJpZCI6NjUwLCJ1cmwiOiJodHRwczpcL1wvd3d3LnRhYnBoYXJtYS5jb20udHJcL3dwLWNvbnRlbnRcL3VwbG9hZHNcLzIwMjVcLzEyXC9NYXJrYS10ZXNjaWwtQmVsZ2VzaS0xLmpwZyIsInNsaWRlc2hvdyI6ImFlNDY0YTYifQ%3D%3D\" href='https:\/\/www.tabpharma.com.tr\/wp-content\/uploads\/2025\/12\/Marka-tescil-Belgesi-1.jpg'><img loading=\"lazy\" decoding=\"async\" width=\"985\" height=\"1394\" src=\"https:\/\/www.tabpharma.com.tr\/wp-content\/uploads\/2025\/12\/Marka-tescil-Belgesi-1.jpg\" class=\"attachment-full size-full\" alt=\"\" aria-describedby=\"gallery-1-650\" srcset=\"https:\/\/www.tabpharma.com.tr\/wp-content\/uploads\/2025\/12\/Marka-tescil-Belgesi-1.jpg 985w, https:\/\/www.tabpharma.com.tr\/wp-content\/uploads\/2025\/12\/Marka-tescil-Belgesi-1-212x300.jpg 212w, https:\/\/www.tabpharma.com.tr\/wp-content\/uploads\/2025\/12\/Marka-tescil-Belgesi-1-724x1024.jpg 724w, https:\/\/www.tabpharma.com.tr\/wp-content\/uploads\/2025\/12\/Marka-tescil-Belgesi-1-768x1087.jpg 768w\" sizes=\"(max-width: 985px) 100vw, 985px\" \/><\/a>\n\t\t\t<\/dt>\n\t\t\t\t<dd class='wp-caption-text gallery-caption' id='gallery-1-650'>\n\t\t\t\tMarka Tescil Belgesi\n\t\t\t\t<\/dd><\/dl><br style=\"clear: both\" \/>\n\t\t<\/div>\n\t\t<\/div>\n\t\t\t\t\t\t<\/div>\n\t\t\t\t\t<\/div>\n\t\t<\/div>\n\t\t\t\t\t<\/div>\n\t\t<\/section>\n\t\t\t\t<section class=\"elementor-section elementor-top-section elementor-element elementor-element-d44fd43 elementor-section-stretched elementor-section-boxed elementor-section-height-default elementor-section-height-default\" data-id=\"d44fd43\" data-element_type=\"section\" data-e-type=\"section\" data-settings=\"{&quot;stretch_section&quot;:&quot;section-stretched&quot;}\">\n\t\t\t\t\t\t<div class=\"elementor-container elementor-column-gap-no\">\n\t\t\t\t\t<div class=\"elementor-column elementor-col-100 elementor-top-column elementor-element elementor-element-615118f\" data-id=\"615118f\" data-element_type=\"column\" data-e-type=\"column\">\n\t\t\t<div class=\"elementor-widget-wrap elementor-element-populated\">\n\t\t\t\t\t\t<div class=\"elementor-element elementor-element-8c903c7 gallery-spacing-custom elementor-widget elementor-widget-image-gallery\" data-id=\"8c903c7\" data-element_type=\"widget\" data-e-type=\"widget\" data-widget_type=\"image-gallery.default\">\n\t\t\t\t\t\t\t<div class=\"elementor-image-gallery\">\n\t\t\t\n\t\t<style>\n\t\t\t#gallery-2 {\n\t\t\t\tmargin: auto;\n\t\t\t}\n\t\t\t#gallery-2 .gallery-item {\n\t\t\t\tfloat: right;\n\t\t\t\tmargin-top: 10px;\n\t\t\t\ttext-align: center;\n\t\t\t\twidth: 33%;\n\t\t\t}\n\t\t\t#gallery-2 img {\n\t\t\t\tborder: 2px solid #cfcfcf;\n\t\t\t}\n\t\t\t#gallery-2 .gallery-caption {\n\t\t\t\tmargin-left: 0;\n\t\t\t}\n\t\t\t\/* see gallery_shortcode() in wp-includes\/media.php *\/\n\t\t<\/style>\n\t\t<div id='gallery-2' class='gallery galleryid-284 gallery-columns-3 gallery-size-full'><dl class='gallery-item'>\n\t\t\t<dt class='gallery-icon portrait'>\n\t\t\t\t<a data-elementor-open-lightbox=\"yes\" data-elementor-lightbox-slideshow=\"8c903c7\" data-elementor-lightbox-title=\"is\" data-e-action-hash=\"#elementor-action%3Aaction%3Dlightbox%26settings%3DeyJpZCI6NjMxLCJ1cmwiOiJodHRwczpcL1wvd3d3LnRhYnBoYXJtYS5jb20udHJcL3dwLWNvbnRlbnRcL3VwbG9hZHNcLzIwMjVcLzEyXC9pcy0xLmpwZyIsInNsaWRlc2hvdyI6IjhjOTAzYzcifQ%3D%3D\" href='https:\/\/www.tabpharma.com.tr\/wp-content\/uploads\/2025\/12\/is-1.jpg'><img loading=\"lazy\" decoding=\"async\" width=\"985\" height=\"1394\" src=\"https:\/\/www.tabpharma.com.tr\/wp-content\/uploads\/2025\/12\/is-1.jpg\" class=\"attachment-full size-full\" alt=\"\" aria-describedby=\"gallery-2-631\" srcset=\"https:\/\/www.tabpharma.com.tr\/wp-content\/uploads\/2025\/12\/is-1.jpg 985w, https:\/\/www.tabpharma.com.tr\/wp-content\/uploads\/2025\/12\/is-1-212x300.jpg 212w, https:\/\/www.tabpharma.com.tr\/wp-content\/uploads\/2025\/12\/is-1-724x1024.jpg 724w, https:\/\/www.tabpharma.com.tr\/wp-content\/uploads\/2025\/12\/is-1-768x1087.jpg 768w\" sizes=\"(max-width: 985px) 100vw, 985px\" \/><\/a>\n\t\t\t<\/dt>\n\t\t\t\t<dd class='wp-caption-text gallery-caption' id='gallery-2-631'>\n\t\t\t\t\u0130\u015f G\u00fcvenli\u011fi Politikas\u0131\n\t\t\t\t<\/dd><\/dl><dl class='gallery-item'>\n\t\t\t<dt class='gallery-icon portrait'>\n\t\t\t\t<a data-elementor-open-lightbox=\"yes\" data-elementor-lightbox-slideshow=\"8c903c7\" data-elementor-lightbox-title=\"cevre\" data-e-action-hash=\"#elementor-action%3Aaction%3Dlightbox%26settings%3DeyJpZCI6NjMyLCJ1cmwiOiJodHRwczpcL1wvd3d3LnRhYnBoYXJtYS5jb20udHJcL3dwLWNvbnRlbnRcL3VwbG9hZHNcLzIwMjVcLzEyXC9jZXZyZS0xLmpwZyIsInNsaWRlc2hvdyI6IjhjOTAzYzcifQ%3D%3D\" href='https:\/\/www.tabpharma.com.tr\/wp-content\/uploads\/2025\/12\/cevre-1.jpg'><img loading=\"lazy\" decoding=\"async\" width=\"985\" height=\"1394\" src=\"https:\/\/www.tabpharma.com.tr\/wp-content\/uploads\/2025\/12\/cevre-1.jpg\" class=\"attachment-full size-full\" alt=\"\" aria-describedby=\"gallery-2-632\" srcset=\"https:\/\/www.tabpharma.com.tr\/wp-content\/uploads\/2025\/12\/cevre-1.jpg 985w, https:\/\/www.tabpharma.com.tr\/wp-content\/uploads\/2025\/12\/cevre-1-212x300.jpg 212w, https:\/\/www.tabpharma.com.tr\/wp-content\/uploads\/2025\/12\/cevre-1-724x1024.jpg 724w, https:\/\/www.tabpharma.com.tr\/wp-content\/uploads\/2025\/12\/cevre-1-768x1087.jpg 768w\" sizes=\"(max-width: 985px) 100vw, 985px\" \/><\/a>\n\t\t\t<\/dt>\n\t\t\t\t<dd class='wp-caption-text gallery-caption' id='gallery-2-632'>\n\t\t\t\t\u00c7evre Politikas\u0131\n\t\t\t\t<\/dd><\/dl><dl class='gallery-item'>\n\t\t\t<dt class='gallery-icon portrait'>\n\t\t\t\t<a data-elementor-open-lightbox=\"yes\" data-elementor-lightbox-slideshow=\"8c903c7\" data-elementor-lightbox-title=\"kalite\" data-e-action-hash=\"#elementor-action%3Aaction%3Dlightbox%26settings%3DeyJpZCI6NjMzLCJ1cmwiOiJodHRwczpcL1wvd3d3LnRhYnBoYXJtYS5jb20udHJcL3dwLWNvbnRlbnRcL3VwbG9hZHNcLzIwMjVcLzEyXC9rYWxpdGUtMi5qcGciLCJzbGlkZXNob3ciOiI4YzkwM2M3In0%3D\" href='https:\/\/www.tabpharma.com.tr\/wp-content\/uploads\/2025\/12\/kalite-2.jpg'><img loading=\"lazy\" decoding=\"async\" width=\"658\" height=\"918\" src=\"https:\/\/www.tabpharma.com.tr\/wp-content\/uploads\/2025\/12\/kalite-2.jpg\" class=\"attachment-full size-full\" alt=\"\" aria-describedby=\"gallery-2-633\" srcset=\"https:\/\/www.tabpharma.com.tr\/wp-content\/uploads\/2025\/12\/kalite-2.jpg 658w, https:\/\/www.tabpharma.com.tr\/wp-content\/uploads\/2025\/12\/kalite-2-215x300.jpg 215w\" sizes=\"(max-width: 658px) 100vw, 658px\" \/><\/a>\n\t\t\t<\/dt>\n\t\t\t\t<dd class='wp-caption-text gallery-caption' id='gallery-2-633'>\n\t\t\t\tKalite Politikas\u0131\n\t\t\t\t<\/dd><\/dl><br style=\"clear: both\" \/>\n\t\t<\/div>\n\t\t<\/div>\n\t\t\t\t\t\t<\/div>\n\t\t\t\t\t<\/div>\n\t\t<\/div>\n\t\t\t\t\t<\/div>\n\t\t<\/section>\n\t\t\t\t<\/div>","protected":false},"excerpt":{"rendered":"<p>ISO_14001_2015 ISO_9001_2015 ISO_45001_2018 ISO_22000_2018 Marka Tescil Belgesi \u0130\u015f G\u00fcvenli\u011fi Politikas\u0131 \u00c7evre Politikas\u0131 Kalite Politikas\u0131<\/p>","protected":false},"author":1,"featured_media":0,"parent":0,"menu_order":15,"comment_status":"closed","ping_status":"closed","template":"","meta":{"footnotes":""},"tags":[],"class_list":["post-284","page","type-page","status-publish","hentry"],"_links":{"self":[{"href":"https:\/\/www.tabpharma.com.tr\/ar\/wp-json\/wp\/v2\/pages\/284","targetHints":{"allow":["GET"]}}],"collection":[{"href":"https:\/\/www.tabpharma.com.tr\/ar\/wp-json\/wp\/v2\/pages"}],"about":[{"href":"https:\/\/www.tabpharma.com.tr\/ar\/wp-json\/wp\/v2\/types\/page"}],"author":[{"embeddable":true,"href":"https:\/\/www.tabpharma.com.tr\/ar\/wp-json\/wp\/v2\/users\/1"}],"replies":[{"embeddable":true,"href":"https:\/\/www.tabpharma.com.tr\/ar\/wp-json\/wp\/v2\/comments?post=284"}],"version-history":[{"count":40,"href":"https:\/\/www.tabpharma.com.tr\/ar\/wp-json\/wp\/v2\/pages\/284\/revisions"}],"predecessor-version":[{"id":19846,"href":"https:\/\/www.tabpharma.com.tr\/ar\/wp-json\/wp\/v2\/pages\/284\/revisions\/19846"}],"wp:attachment":[{"href":"https:\/\/www.tabpharma.com.tr\/ar\/wp-json\/wp\/v2\/media?parent=284"}],"wp:term":[{"taxonomy":"post_tag","embeddable":true,"href":"https:\/\/www.tabpharma.com.tr\/ar\/wp-json\/wp\/v2\/tags?post=284"}],"curies":[{"name":"wp","href":"https:\/\/api.w.org\/{rel}","templated":true}]}}