{"id":19388,"date":"2026-03-13T10:31:20","date_gmt":"2026-03-13T10:31:20","guid":{"rendered":"https:\/\/www.tabpharma.com.tr\/?page_id=19388"},"modified":"2026-03-13T10:32:03","modified_gmt":"2026-03-13T10:32:03","slug":"kullanim-sartlari","status":"publish","type":"page","link":"https:\/\/www.tabpharma.com.tr\/ar\/kullanim-sartlari\/","title":{"rendered":"\u0634\u0631\u0648\u0637 \u0627\u0644\u0627\u0633\u062a\u062e\u062f\u0627\u0645"},"content":{"rendered":"<div data-elementor-type=\"wp-page\" data-elementor-id=\"19388\" class=\"elementor elementor-19388\" data-elementor-post-type=\"page\">\n\t\t\t\t<div class=\"elementor-element elementor-element-ce58485 e-flex e-con-boxed e-con e-parent\" data-id=\"ce58485\" data-element_type=\"container\" data-e-type=\"container\">\n\t\t\t\t\t<div class=\"e-con-inner\">\n\t\t\t\t<div class=\"elementor-element elementor-element-4e39789 elementor-widget elementor-widget-text-editor\" data-id=\"4e39789\" data-element_type=\"widget\" data-e-type=\"widget\" data-widget_type=\"text-editor.default\">\n\t\t\t\t\t\t\t\t\t<p data-start=\"1797\" data-end=\"1902\"><span class=\"BZ_Pyq_fadeIn\">Bu <\/span><span class=\"BZ_Pyq_fadeIn\">web <\/span><span class=\"BZ_Pyq_fadeIn\">sitesini <\/span><span class=\"BZ_Pyq_fadeIn\">ziyaret <\/span><span class=\"BZ_Pyq_fadeIn\">eden <\/span><span class=\"BZ_Pyq_fadeIn\">t\u00fcm <\/span><span class=\"BZ_Pyq_fadeIn\">kullan\u0131c\u0131lar <\/span><span class=\"BZ_Pyq_fadeIn\">a\u015fa\u011f\u0131da <\/span><span class=\"BZ_Pyq_fadeIn\">belirtilen <\/span><span class=\"BZ_Pyq_fadeIn\">kullan\u0131m <\/span><span class=\"BZ_Pyq_fadeIn\">\u015fartlar\u0131n\u0131 <\/span><span class=\"BZ_Pyq_fadeIn\">kabul <\/span><span class=\"BZ_Pyq_fadeIn\">etmi\u015f <\/span><span class=\"BZ_Pyq_fadeIn\">say\u0131l\u0131r.<\/span><\/p><p data-start=\"1904\" data-end=\"2228\"><span class=\"BZ_Pyq_fadeIn\">\u062a\u0627\u0628\u0641\u0627\u0631\u0645\u0627 <\/span><span class=\"BZ_Pyq_fadeIn\">web <\/span><span class=\"BZ_Pyq_fadeIn\">sitesinde <\/span><span class=\"BZ_Pyq_fadeIn\">yer <\/span><span class=\"BZ_Pyq_fadeIn\">alan <\/span><span class=\"BZ_Pyq_fadeIn\">t\u00fcm <\/span><span class=\"BZ_Pyq_fadeIn\">i\u00e7erikler; <\/span><span class=\"BZ_Pyq_fadeIn\">metinler, <\/span><span class=\"BZ_Pyq_fadeIn\">g\u00f6rseller, <\/span><span class=\"BZ_Pyq_fadeIn\">grafikler, <\/span><span class=\"BZ_Pyq_fadeIn\">logo, <\/span><span class=\"BZ_Pyq_fadeIn\">tasar\u0131m <\/span><span class=\"BZ_Pyq_fadeIn\">\u0648 <\/span><span class=\"BZ_Pyq_fadeIn\">di\u011fer <\/span><span class=\"BZ_Pyq_fadeIn\">t\u00fcm <\/span><span class=\"BZ_Pyq_fadeIn\">materyaller <\/span><span class=\"BZ_Pyq_fadeIn\">Tabpharma\u2019ya <\/span><span class=\"BZ_Pyq_fadeIn\">ait <\/span><span class=\"BZ_Pyq_fadeIn\">olup <\/span><span class=\"BZ_Pyq_fadeIn\">telif <\/span><span class=\"BZ_Pyq_fadeIn\">hakk\u0131 <\/span><span class=\"BZ_Pyq_fadeIn\">\u0648 <\/span><span class=\"BZ_Pyq_fadeIn\">ilgili <\/span><span class=\"BZ_Pyq_fadeIn\">mevzuat <\/span><span class=\"BZ_Pyq_fadeIn\">kapsam\u0131nda <\/span><span class=\"BZ_Pyq_fadeIn\">korunmaktad\u0131r. <\/span><span class=\"BZ_Pyq_fadeIn\">Bu <\/span><span class=\"BZ_Pyq_fadeIn\">i\u00e7erikler, <\/span><span class=\"BZ_Pyq_fadeIn\">Tabpharma\u2019n\u0131n <\/span><span class=\"BZ_Pyq_fadeIn\">yaz\u0131l\u0131 <\/span><span class=\"BZ_Pyq_fadeIn\">izni <\/span><span class=\"BZ_Pyq_fadeIn\">olmaks\u0131z\u0131n <\/span><span class=\"BZ_Pyq_fadeIn\">kopyalanamaz, <\/span><span class=\"BZ_Pyq_fadeIn\">\u00e7o\u011falt\u0131lamaz, <\/span><span class=\"BZ_Pyq_fadeIn\">yay\u0131mlanamaz <\/span><span class=\"BZ_Pyq_fadeIn\">veya <\/span><span class=\"BZ_Pyq_fadeIn\">ticari <\/span><span class=\"BZ_Pyq_fadeIn\">ama\u00e7larla <\/span><span class=\"BZ_Pyq_fadeIn\">kullan\u0131lamaz.<\/span><\/p><p data-start=\"2230\" data-end=\"2508\"><span class=\"BZ_Pyq_fadeIn\">Web <\/span><span class=\"BZ_Pyq_fadeIn\">sitesinde <\/span><span class=\"BZ_Pyq_fadeIn\">yer <\/span><span class=\"BZ_Pyq_fadeIn\">alan <\/span><span class=\"BZ_Pyq_fadeIn\">bilgiler <\/span><span class=\"BZ_Pyq_fadeIn\">yaln\u0131zca <\/span><span class=\"BZ_Pyq_fadeIn\">bilgilendirme <\/span><span class=\"BZ_Pyq_fadeIn\">amac\u0131yla <\/span><span class=\"BZ_Pyq_fadeIn\">sunulmaktad\u0131r. <\/span><span class=\"BZ_Pyq_fadeIn\">\u062a\u0627\u0628\u0641\u0627\u0631\u0645\u0627\u060c, <\/span><span class=\"BZ_Pyq_fadeIn\">site <\/span><span class=\"BZ_Pyq_fadeIn\">i\u00e7eri\u011finde <\/span><span class=\"BZ_Pyq_fadeIn\">yer <\/span><span class=\"BZ_Pyq_fadeIn\">alan <\/span><span class=\"BZ_Pyq_fadeIn\">bilgilerin <\/span><span class=\"BZ_Pyq_fadeIn\">do\u011frulu\u011funu <\/span><span class=\"BZ_Pyq_fadeIn\">sa\u011flamak <\/span><span class=\"BZ_Pyq_fadeIn\">\u0644 <\/span><span class=\"BZ_Pyq_fadeIn\">gerekli <\/span><span class=\"BZ_Pyq_fadeIn\">\u00f6zeni <\/span><span class=\"BZ_Pyq_fadeIn\">g\u00f6stermekle <\/span><span class=\"BZ_Pyq_fadeIn\">birlikte, <\/span><span class=\"BZ_Pyq_fadeIn\">bilgilerin <\/span><span class=\"BZ_Pyq_fadeIn\">eksik <\/span><span class=\"BZ_Pyq_fadeIn\">veya <\/span><span class=\"BZ_Pyq_fadeIn\">g\u00fcncel <\/span><span class=\"BZ_Pyq_fadeIn\">olmamas\u0131ndan <\/span><span class=\"BZ_Pyq_fadeIn\">kaynaklanabilecek <\/span><span class=\"BZ_Pyq_fadeIn\">zararlardan <\/span><span class=\"BZ_Pyq_fadeIn\">sorumlu <\/span><span class=\"BZ_Pyq_fadeIn\">tutulamaz.<\/span><\/p><p data-start=\"2510\" data-end=\"2732\"><span class=\"BZ_Pyq_fadeIn\">Kullan\u0131c\u0131lar, <\/span><span class=\"BZ_Pyq_fadeIn\">web <\/span><span class=\"BZ_Pyq_fadeIn\">sitesini <\/span><span class=\"BZ_Pyq_fadeIn\">yaln\u0131zca <\/span><span class=\"BZ_Pyq_fadeIn\">yasal <\/span><span class=\"BZ_Pyq_fadeIn\">ama\u00e7larla <\/span><span class=\"BZ_Pyq_fadeIn\">kullanmay\u0131 <\/span><span class=\"BZ_Pyq_fadeIn\">kabul <\/span><span class=\"BZ_Pyq_fadeIn\">eder. <\/span><span class=\"BZ_Pyq_fadeIn\">Siteye <\/span><span class=\"BZ_Pyq_fadeIn\">zarar <\/span><span class=\"BZ_Pyq_fadeIn\">verebilecek, <\/span><span class=\"BZ_Pyq_fadeIn\">sistemleri <\/span><span class=\"BZ_Pyq_fadeIn\">etkileyebilecek <\/span><span class=\"BZ_Pyq_fadeIn\">veya <\/span><span class=\"BZ_Pyq_fadeIn\">di\u011fer <\/span><span class=\"BZ_Pyq_fadeIn\">kullan\u0131c\u0131lar\u0131n <\/span><span class=\"BZ_Pyq_fadeIn\">eri\u015fimini <\/span><span class=\"BZ_Pyq_fadeIn\">engelleyebilecek <\/span><span class=\"BZ_Pyq_fadeIn\">herhangi <\/span><span class=\"BZ_Pyq_fadeIn\">\u0648\u0627\u062d\u062f <\/span><span class=\"BZ_Pyq_fadeIn\">giri\u015fimde <\/span><span class=\"BZ_Pyq_fadeIn\">bulunmak <\/span><span class=\"BZ_Pyq_fadeIn\">yasakt\u0131r.<\/span><\/p><p data-start=\"2734\" data-end=\"2882\"><span class=\"BZ_Pyq_fadeIn\">\u062a\u0627\u0628\u0641\u0627\u0631\u0645\u0627\u060c, <\/span><span class=\"BZ_Pyq_fadeIn\">web <\/span><span class=\"BZ_Pyq_fadeIn\">sitesinin <\/span><span class=\"BZ_Pyq_fadeIn\">i\u00e7eri\u011fini, <\/span><span class=\"BZ_Pyq_fadeIn\">yap\u0131s\u0131n\u0131 <\/span><span class=\"BZ_Pyq_fadeIn\">\u0648 <\/span><span class=\"BZ_Pyq_fadeIn\">kullan\u0131m <\/span><span class=\"BZ_Pyq_fadeIn\">\u015fartlar\u0131n\u0131 <\/span><span class=\"BZ_Pyq_fadeIn\">\u00f6nceden <\/span><span class=\"BZ_Pyq_fadeIn\">bildirimde <\/span><span class=\"BZ_Pyq_fadeIn\">bulunmaks\u0131z\u0131n <\/span><span class=\"BZ_Pyq_fadeIn\">de\u011fi\u015ftirme <\/span><span class=\"BZ_Pyq_fadeIn\">veya <\/span><span class=\"BZ_Pyq_fadeIn\">g\u00fcncelleme <\/span><span class=\"BZ_Pyq_fadeIn\">hakk\u0131n\u0131 <\/span><span class=\"BZ_Pyq_fadeIn\">sakl\u0131 <\/span><span class=\"BZ_Pyq_fadeIn\">tutar.<\/span><\/p><p data-start=\"2884\" data-end=\"3043\"><span class=\"BZ_Pyq_fadeIn\">Bu <\/span><span class=\"BZ_Pyq_fadeIn\">web <\/span><span class=\"BZ_Pyq_fadeIn\">sitesinin <\/span><span class=\"BZ_Pyq_fadeIn\">kullan\u0131m\u0131ndan <\/span><span class=\"BZ_Pyq_fadeIn\">do\u011fabilecek <\/span><span class=\"BZ_Pyq_fadeIn\">uyu\u015fmazl\u0131klarda <\/span><strong data-start=\"2943\" data-end=\"3043\"><span class=\"BZ_Pyq_fadeIn\">T\u00fcrkiye <\/span><span class=\"BZ_Pyq_fadeIn\">Cumhuriyeti <\/span><span class=\"BZ_Pyq_fadeIn\">yasalar\u0131 <\/span><span class=\"BZ_Pyq_fadeIn\">uygulanacak <\/span><span class=\"BZ_Pyq_fadeIn\">olup <\/span><span class=\"BZ_Pyq_fadeIn\">\u0130stanbul <\/span><span class=\"BZ_Pyq_fadeIn\">Mahkemeleri <\/span><span class=\"BZ_Pyq_fadeIn\">\u0648 <\/span><span class=\"BZ_Pyq_fadeIn\">\u0130cra <\/span><span class=\"BZ_Pyq_fadeIn\">Daireleri <\/span><span class=\"BZ_Pyq_fadeIn\">yetkilidir.<\/span><\/strong><\/p>\t\t\t\t\t\t\t\t<\/div>\n\t\t\t\t\t<\/div>\n\t\t\t\t<\/div>\n\t\t\t\t<\/div>","protected":false},"excerpt":{"rendered":"<p>Bu web sitesini ziyaret eden t\u00fcm kullan\u0131c\u0131lar a\u015fa\u011f\u0131da belirtilen kullan\u0131m \u015fartlar\u0131n\u0131 kabul etmi\u015f say\u0131l\u0131r. Tabpharma web sitesinde yer alan t\u00fcm i\u00e7erikler; metinler, g\u00f6rseller, grafikler, logo, tasar\u0131m ve di\u011fer t\u00fcm materyaller Tabpharma\u2019ya ait olup telif hakk\u0131 ve ilgili mevzuat kapsam\u0131nda korunmaktad\u0131r. Bu i\u00e7erikler, Tabpharma\u2019n\u0131n yaz\u0131l\u0131 izni olmaks\u0131z\u0131n kopyalanamaz, \u00e7o\u011falt\u0131lamaz, yay\u0131mlanamaz veya ticari ama\u00e7larla kullan\u0131lamaz. Web sitesinde&hellip;<\/p>","protected":false},"author":1,"featured_media":0,"parent":0,"menu_order":990,"comment_status":"closed","ping_status":"closed","template":"","meta":{"footnotes":""},"tags":[],"class_list":["post-19388","page","type-page","status-publish","hentry"],"_links":{"self":[{"href":"https:\/\/www.tabpharma.com.tr\/ar\/wp-json\/wp\/v2\/pages\/19388","targetHints":{"allow":["GET"]}}],"collection":[{"href":"https:\/\/www.tabpharma.com.tr\/ar\/wp-json\/wp\/v2\/pages"}],"about":[{"href":"https:\/\/www.tabpharma.com.tr\/ar\/wp-json\/wp\/v2\/types\/page"}],"author":[{"embeddable":true,"href":"https:\/\/www.tabpharma.com.tr\/ar\/wp-json\/wp\/v2\/users\/1"}],"replies":[{"embeddable":true,"href":"https:\/\/www.tabpharma.com.tr\/ar\/wp-json\/wp\/v2\/comments?post=19388"}],"version-history":[{"count":3,"href":"https:\/\/www.tabpharma.com.tr\/ar\/wp-json\/wp\/v2\/pages\/19388\/revisions"}],"predecessor-version":[{"id":19391,"href":"https:\/\/www.tabpharma.com.tr\/ar\/wp-json\/wp\/v2\/pages\/19388\/revisions\/19391"}],"wp:attachment":[{"href":"https:\/\/www.tabpharma.com.tr\/ar\/wp-json\/wp\/v2\/media?parent=19388"}],"wp:term":[{"taxonomy":"post_tag","embeddable":true,"href":"https:\/\/www.tabpharma.com.tr\/ar\/wp-json\/wp\/v2\/tags?post=19388"}],"curies":[{"name":"wp","href":"https:\/\/api.w.org\/{rel}","templated":true}]}}